{"id":698,"date":"2023-03-25T23:42:23","date_gmt":"2023-03-25T23:42:23","guid":{"rendered":"https:\/\/nutrapp.com.co\/?page_id=698"},"modified":"2023-04-20T21:04:52","modified_gmt":"2023-04-20T21:04:52","slug":"terminos-y-condiciones","status":"publish","type":"page","link":"https:\/\/nutrapp.com.co\/index.php\/terminos-y-condiciones\/","title":{"rendered":"T\u00e9rminos y Condiciones"},"content":{"rendered":"\t\t<div data-elementor-type=\"wp-page\" data-elementor-id=\"698\" class=\"elementor elementor-698\" data-elementor-post-type=\"page\">\n\t\t\t\t\t\t<section class=\"elementor-section elementor-top-section elementor-element elementor-element-2c76f36 elementor-section-boxed elementor-section-height-default elementor-section-height-default\" data-id=\"2c76f36\" data-element_type=\"section\" data-e-type=\"section\" data-settings=\"{&quot;background_background&quot;:&quot;classic&quot;}\">\n\t\t\t\t\t\t<div class=\"elementor-container elementor-column-gap-default\">\n\t\t\t\t\t<div class=\"elementor-column elementor-col-100 elementor-top-column elementor-element elementor-element-16b6d16\" data-id=\"16b6d16\" data-element_type=\"column\" data-e-type=\"column\">\n\t\t\t<div class=\"elementor-widget-wrap elementor-element-populated\">\n\t\t\t\t\t\t<div class=\"elementor-element elementor-element-503c17c elementor-widget elementor-widget-heading\" data-id=\"503c17c\" data-element_type=\"widget\" data-e-type=\"widget\" data-widget_type=\"heading.default\">\n\t\t\t\t<div class=\"elementor-widget-container\">\n\t\t\t\t\t<h2 class=\"elementor-heading-title elementor-size-default\">TERMINOS Y CONDICIONES<\/h2>\t\t\t\t<\/div>\n\t\t\t\t<\/div>\n\t\t\t\t<div class=\"elementor-element elementor-element-208a158 elementor-widget elementor-widget-text-editor\" data-id=\"208a158\" data-element_type=\"widget\" data-e-type=\"widget\" data-widget_type=\"text-editor.default\">\n\t\t\t\t<div class=\"elementor-widget-container\">\n\t\t\t\t\t\t\t\t\t<p>\u00a0<\/p><p>Bienvenido a NUTRAPP INNOVATIONS SAS. Antes de utilizar nuestros servicios, lo invitamos a que lea detenidamente los t\u00e9rminos y condiciones y la pol\u00edtica de privacidad.<\/p><p><br \/>CONSIDERACIONES PREVIAS:<\/p><p><br \/>Estos t\u00e9rminos y condiciones regulan, entre otros, la regulaci\u00f3n del acceso y la utilizaci\u00f3n de la p\u00e1gina web www.nutrapp.com.co (en adelante, la p\u00e1gina web) cuyo titular es NUTRAPP INNOVATIONS S.A.S. (en adelante, NUTRAPP), sociedad identificada con NIT. 900.897.833-2 y domicilio principal en la calle 82 # 19 \u2013 26 en la ciudad de Bogot\u00e1 D.C., con tel\u00e9fono: 601 3223069 y correo electr\u00f3nico: administracion@nutrapp.com.co; y usted (en adelante, el \u201cUsuario\u201d y\/o \u201cVisitante\u201d), quien declara ser una persona mayor de edad en la Rep\u00fablica de Colombia, que cuenta con capacidad legal plena y v\u00e1lida para obligarse bajo los t\u00e9rminos y condiciones del presente documento y la pol\u00edtica de tratamiento de datos personales (en adelante y conjuntamente, los \u201cT\u00e9rminos\u201d), relaci\u00f3n que se deriva de, o surge como consecuencia del acceso, uso, y\/o, contrataci\u00f3n de los Servicios de NUTRAPP a trav\u00e9s de la p\u00e1gina web https:\/\/nutrapp.com.co\/ o por cualquier canal habilitado (Telef\u00f3nico, chat, correo electr\u00f3nico, WhatsApp) (en adelante, la \u201cP\u00e1gina Web\u201d).<\/p><p><br \/>Toda la informaci\u00f3n contenida en la p\u00e1gina web y dem\u00e1s canales de comunicaci\u00f3n est\u00e1n a disposici\u00f3n del p\u00fablico en general y al acceder, visitar, navegar y dem\u00e1s acciones pertinentes realizadas por el usuario visitante \u00e9ste manifiesta que acepta en su totalidad los t\u00e9rminos y condiciones aqu\u00ed dispuestos. Su uso continuado del sitio tras la publicaci\u00f3n de los t\u00e9rminos y condiciones revisados constituye la aceptaci\u00f3n de estos.<\/p><p><br \/>NUTRAPP se reserva el derecho a su sola discreci\u00f3n de actualizar los t\u00e9rminos y condiciones en cualquier momento. Si se cambia cualquier t\u00e9rmino o condici\u00f3n dicha modificaci\u00f3n, revisi\u00f3n e informaci\u00f3n adicional se publicar\u00e1 en este sitio web y sustituir\u00e1 autom\u00e1ticamente los t\u00e9rminos y condiciones y ser\u00e1 vinculante para todos los usuarios de este sitio sin que sea necesario comunicarlo de manera expresa.<\/p><p><br \/>En el momento en que el usuario accede a los servicios lo hace bajo su total responsabilidad y, por tanto, acepta sin reservas el contenido de los t\u00e9rminos y condiciones de uso de la p\u00e1gina web de la empresa. El uso de la p\u00e1gina es de car\u00e1cter libre y gratuito para los visitantes y\/o usuarios y se rige por los t\u00e9rminos y condiciones que se expresan a continuaci\u00f3n, los cuales se entienden como aceptados y conocidos por los visitantes y\/o usuarios del sitio web.<\/p><p>I. Generalidades<\/p><p><br \/>1.1 Aceptaci\u00f3n: Por el hecho de acceder, navegar, usar y\/o reservar o contratar cualquiera de los Servicios, a trav\u00e9s de la P\u00e1gina Web o en las instalaciones, se entender\u00e1 para todos los efectos que El Usuario ha le\u00eddo y aceptado estos T\u00e9rminos.<\/p><p><br \/>En el momento en que el usuario accede a los servicios lo hace bajo su total responsabilidad y por tanto, acepta sin reservas el contenido de los t\u00e9rminos y condiciones de uso de la p\u00e1gina Web de NUTRAPP.<\/p><p><br \/>1.2 Informaci\u00f3n actualizada: Para que NUTRAPP pueda prestar eficientemente los Servicios que se ofrecen a trav\u00e9s de la P\u00e1gina Web, es requisito indispensable que toda la informaci\u00f3n personal que sea diligenciada al solicitar un Servicio sea veraz, completa y actualizada. NUTRAPP presume en todo momento que toda la informaci\u00f3n personal que El Usuario ha suministrado es correcta y veraz, por tanto, ser\u00e1 responsabilidad \u00fanica y exclusiva del Usuario actualizar, de tiempo en tiempo, dicha informaci\u00f3n personal.<\/p><p><br \/>1.3 Interpretaci\u00f3n: Las palabras que se encuentren escritas con may\u00fascula inicial tendr\u00e1n el significado especial que a cada una de ellas se les asigna dentro de estos T\u00e9rminos y para su atenci\u00f3n.<\/p><p><br \/>1.4 Servicios de alojamiento y funcionalidad: A trav\u00e9s de la P\u00e1gina Web, NUTRAPP ofrece a los Usuarios la posibilidad de contratar la prestaci\u00f3n de cualquiera de los Servicios que se indican en la misma (en adelante, \u201cel Servicio\u201d). No obstante, lo anterior, NUTRAPP se reserva la facultad de modificar, alterar, suprimir, suspender o cancelar, en cualquier momento y sin necesidad de previo aviso, cualquiera de los Servicios y modificar sus precios sin previo aviso.<\/p><p><br \/>1.5 Modificaciones: Se reserva el derecho de modificar las presentes condiciones de uso y los contenidos de la p\u00e1gina con el fin de adecuarla a nuevos requisitos legales.<\/p><p><br \/>II. Uso del sitio web<\/p><p><br \/>El Usuario se compromete a usar el sitio web, servicios y contenidos sin infringir la legislaci\u00f3n aplicable, haciendo uso del principio de buena fe y el orden p\u00fablico. Teniendo en cuenta esto, est\u00e1 prohibido todo uso con fines il\u00edcitos o que perjudiquen, impidan, puedan da\u00f1ar o sobrecargar, de cualquier forma, la utilizaci\u00f3n y normal funcionamiento del sitio web que o directa o indirectamente atenten contra el mismo, contra los sitios asociados o contra otros usuarios del sitio web.<\/p><p><br \/>Condiciones del servicio:<\/p><p>\u25cf Cumplir con las leyes y normativas colombianas aplicables<\/p><p>\u25cf Utilizar nuestros servicios de forma responsable y respetar los derechos de propiedad intelectual de NUTRAPP y terceros.<\/p><p>\u25cf El Usuario se compromete a no reproducir, duplicar, copiar, vender, comercializar ni explotar con fines comerciales ning\u00fan contenido o servicio prestado por NUTRAPP a trav\u00e9s de esta p\u00e1gina.<\/p><p>\u25cf Nos reservamos el derecho a realizar actualizaciones, modificaciones y\/o supresiones peri\u00f3dicas del Servicio, con o sin previo aviso.<\/p><p>\u25cf El Usuario se compromete a proporcionar informaci\u00f3n precisa y veraz y mantener actualizada su informaci\u00f3n de contacto.<\/p><p>\u25cf Al utilizar el Servicio, el Usuario autoriza la recopilaci\u00f3n, procesamiento y utilizaci\u00f3n de toda aquella informaci\u00f3n relacionada con el uso que el Usuario hace del Servicio, la cual se recopila y maneja de conformidad con los t\u00e9rminos de nuestra Pol\u00edtica de tratamiento de datos personales. El Usuario comprende que tiene el derecho de solicitar la supresi\u00f3n de sus datos.<\/p><p>\u25cf La informaci\u00f3n relacionada con la disponibilidad de los productos y\/o servicios, as\u00ed como el precio total se encuentran disponibles en www.nutrapp.com.co<\/p><p>\u25cf NUTRAPP renuncia, en la m\u00e1xima medida permitida por la ley, a determinadas declaraciones y garant\u00edas relacionadas con el Servicio, y limita su responsabilidad con respecto a las mismas.<\/p><p>\u25cf El Usuario debe asegurarse de no utilizar los servicios de NUTRAPP para actividades il\u00edcitas o que infrinjan derechos de terceros.<\/p><p>Propiedad intelectual<br \/>Todos los contenidos textuales, gr\u00e1ficos, multimediales y de c\u00f3digo fuente, as\u00ed como de marcas, dise\u00f1os, logotipos, gr\u00e1ficos y dem\u00e1s elementos que forman parte de la plataforma de NUTRAPP son propiedad exclusiva de NUTRAPP o de terceros que han autorizado su uso. Queda prohibida su reproducci\u00f3n, distribuci\u00f3n, transformaci\u00f3n, comunicaci\u00f3n p\u00fablica o cualquier otra actividad que implique la explotaci\u00f3n de dichos elementos sin la autorizaci\u00f3n expresa de NUTRAPP o de los titulares de los derechos de propiedad intelectual correspondientes. Los usuarios que visiten el sitio web pueden utilizarlos como fuente de consulta o referencia y con fines exclusivamente privados o acad\u00e9micos y libres de cualquier tipo de lucro o rendimiento econ\u00f3mico.<\/p><p><br \/>Est\u00e1 expresamente prohibido cualquier reproducci\u00f3n, distribuci\u00f3n y utilizaci\u00f3n de copias de la informaci\u00f3n contenida en el sitio web. Todas las marcas, logos, ense\u00f1a comerciales que aparecen en este Sitio Web y en el evento pertenecen a NUTRAPP, no pueden ser utilizados para ning\u00fan fin ajeno a la comunicaci\u00f3n de eventos, productos y servicios ofrecidos. Tampoco se puede sublicenciar los derechos que se otorgan en este acuerdo.<\/p><p><br \/>\u25cf Limitaciones de responsabilidad:<\/p><p><br \/>El acceso a este sitio Web y cualquier uso de la informaci\u00f3n contenida en el mismo es exclusiva responsabilidad de cada usuario. NUTRAPP no se responsabiliza por las posibles consecuencias, da\u00f1os o perjuicios que puedan originarse por dicho acceso o uso de informaci\u00f3n. No nos responsabilizamos por da\u00f1os ocasionados por virus, software malicioso o da\u00f1ino en los contenidos y\/o cualquier otro malware que pueda llegar a infectar o afectar de cualquier modo el dispositivo que haya sido utilizado por el usuario para acceder a este sitio web. Del mismo modo, aunque el sitio web se ha desarrollado contando con altos est\u00e1ndares de calidad y buenas pr\u00e1cticas de dise\u00f1o y programaci\u00f3n, no podemos garantizar un 100% de cobertura frente a la disponibilidad, permanencia, actualizaci\u00f3n y accesibilidad al sitio web o a la habilidad propia que debe tener un usuario para desarrollar las actividades que el sitio web o sus sitios asociados permiten.<\/p><p><br \/>\u25cf Fuerza Mayor:<\/p><p><br \/>NUTRAPP realizar\u00e1 su mejor esfuerzo para cumplir con sus obligaciones derivadas de las contrataciones que realicen los usuarios a trav\u00e9s de la p\u00e1gina Web. Sin embargo, no ser\u00e1 responsable por demoras, incumplimiento o por otras anomal\u00edas, si la demora, incumplimiento o anomal\u00eda se debe a fuerza mayor o caso fortuito, incluyendo, pero no limitado a, eventos clim\u00e1ticos adversos, accidentes de tr\u00e1nsito, entre otros. En ese sentido en cualquier evento de caso fortuito o fuerza mayor no habr\u00e1 lugar a retracto o devoluci\u00f3n de dinero alguno.<\/p><p><br \/>III. Protecci\u00f3n de datos personales<\/p><p><br \/>NUTRAPP respeta la privacidad de sus usuarios y cumple con la normativa colombiana en materia de protecci\u00f3n de datos personales, bajo los principios del Habeas Data, en cumplimiento con la Ley 1581 de 2012 y dem\u00e1s normas complementarias; como lo son:<\/p><p><br \/>\u25cf Principio de Finalidad: Los datos recogidos en este sitio web y los sitios asociados tienen una finalidad leg\u00edtima de acuerdo con la ley colombiana y acuerdos internacionales.<\/p><p>\u25cf Circulaci\u00f3n Restringida. Los datos personales suministrados por el usuario no ser\u00e1n distribuidos libremente a trav\u00e9s de internet, ni de otros medios de comunicaci\u00f3n digital o f\u00edsica a menos que su entrega controlada sea necesaria para el correcto funcionamiento del sitio web, o la realizaci\u00f3n de las actividades que garanticen a NUTRAPP entregar a cabalidad los productos y\/o servicios ofrecidos en este sitio web o los sitios web asociados.<\/p><p>\u25cf Temporalidad de la informaci\u00f3n. La informaci\u00f3n de los usuarios no ser\u00e1 suministrada cuando deje de servir para la finalidad inicial para la que ha sido recogida o las finalidades asociadas al desarrollo de las actividades vinculadas a nuestro productos y servicios.<\/p><p>\u25cf Seguridad. La informaci\u00f3n registrada en este sitio web, as\u00ed como aquella que sea registrada, indexada y actualizada ser\u00e1 gestionada bajo procesos t\u00e9cnicos que garanticen su seguridad, de modo que no pueda ser adulterada, extraviada o consultada por terceros no autorizados. No obstante, no responder\u00e1 en ning\u00fan caso y en ninguna circunstancia, por los ataques o incidentes contra la seguridad de sus sistemas inform\u00e1ticos; o por cualquier exposici\u00f3n o acceso no autorizado, fraudulento o il\u00edcito, y que pueda afectar la confidencialidad, integridad o autenticidad de la informaci\u00f3n publicada o asociada con los contenidos y servicios que se ofrecen. En estricta aplicaci\u00f3n al principio de Seguridad en el Tratamiento de los Datos Personales, proporciona las medidas t\u00e9cnicas, humanas y administrativas que sean necesarias para otorgar a los registros minimizando el riesgo de su adulteraci\u00f3n, p\u00e9rdida, consulta, uso o acceso no autorizado o fraudulento, fallas t\u00e9cnicas. La obligaci\u00f3n y responsabilidad de NUTRAPP se limita a disponer de los medios adecuados para este fin.<\/p><p>\u25cf Confidencialidad. Todas las personas naturales o jur\u00eddicas est\u00e9n vinculadas directa o indirectamente con NUTRAPP que intervengan en la administraci\u00f3n de datos personales que no sean de car\u00e1cter p\u00fablico, est\u00e1n obligadas a garantizar la reserva de la informaci\u00f3n a\u00fan despu\u00e9s de finalizada su relaci\u00f3n con la administraci\u00f3n de datos.<\/p><p><br \/>Estos T\u00e9rminos de Servicio y el uso que el Usuario hace del Servicio se regir\u00e1n de conformidad con las leyes de Colombia, sin incluir (i) los principios de conflicto de leyes, (ii) la Convenci\u00f3n de las Naciones Unidas sobre los Contratos de Compraventa Internacional de Mercader\u00edas, (iii) la Convenci\u00f3n de 1974 sobre la Prescripci\u00f3n en materia de Compraventa Internacional de Mercader\u00edas, y (iv) el Protocolo que enmienda la Convenci\u00f3n de 1974, hecho en Viena el 11 de abril de 1980. El Usuario conviene en que cualquier demanda o controversia con la Compa\u00f1\u00eda o bien que surja de o en relaci\u00f3n con estos T\u00e9rminos y Condiciones, el Servicio o el uso que El Usuario haga de cualquiera de estos, ser\u00e1 entablada ante la jurisdicci\u00f3n competente en la ciudad de domicilio de NUTRAPP. El Usuario acepta someterse a la exclusiva jurisdicci\u00f3n y competencia territorial de estos tribunales y renunciar a cualquier objeci\u00f3n en cuanto a la jurisdicci\u00f3n, competencia territorial o tribunal inapropiado de tales tribunales.<\/p><p><br \/>Es responsabilidad del usuario leer y entender los t\u00e9rminos y condiciones y la pol\u00edtica de protecci\u00f3n de datos generales de NUTRAPP antes de usar cualquier servicio ofertado por NUTRAPP. Para m\u00e1s informaci\u00f3n, consulte nuestra Pol\u00edtica de Privacidad en el siguiente enlace:\u00a0<a style=\"font-size: 1rem;\" href=\"https:\/\/nutrapp.com.co\/index.php\/politica-de-tratamiento-de-datos\/\" target=\"_blank\" rel=\"noopener\">https:\/\/nutrapp.com.co\/index.php\/politica-de-tratamiento-de-datos\/<\/a><\/p><p><br \/>En caso de preguntas, inquietudes, comentarios y\/o sugerencias respecto a nuestro sitio web, lo invitamos a contactarse a trav\u00e9s del siguiente correo electr\u00f3nico: mesadeayuda@nutrapp.com.co<\/p>\t\t\t\t\t\t\t\t<\/div>\n\t\t\t\t<\/div>\n\t\t\t\t\t<\/div>\n\t\t<\/div>\n\t\t\t\t\t<\/div>\n\t\t<\/section>\n\t\t\t\t<\/div>\n\t\t","protected":false},"excerpt":{"rendered":"<p>TERMINOS Y CONDICIONES \u00a0 Bienvenido a NUTRAPP INNOVATIONS SAS. Antes de utilizar nuestros servicios, lo invitamos a que lea detenidamente los t\u00e9rminos y condiciones y la pol\u00edtica de privacidad. CONSIDERACIONES [&hellip;]<\/p>\n","protected":false},"author":1,"featured_media":0,"parent":0,"menu_order":0,"comment_status":"closed","ping_status":"closed","template":"","meta":{"_seopress_robots_primary_cat":"","_seopress_titles_title":"","_seopress_titles_desc":"","_seopress_robots_index":"","_eb_attr":"","site-sidebar-layout":"no-sidebar","site-content-layout":"page-builder","ast-site-content-layout":"default","site-content-style":"default","site-sidebar-style":"default","ast-global-header-display":"","ast-banner-title-visibility":"","ast-main-header-display":"","ast-hfb-above-header-display":"","ast-hfb-below-header-display":"","ast-hfb-mobile-header-display":"","site-post-title":"disabled","ast-breadcrumbs-content":"","ast-featured-img":"disabled","footer-sml-layout":"","ast-disable-related-posts":"","theme-transparent-header-meta":"","adv-header-id-meta":"","stick-header-meta":"","header-above-stick-meta":"","header-main-stick-meta":"","header-below-stick-meta":"","astra-migrate-meta-layouts":"default","ast-page-background-enabled":"default","ast-page-background-meta":{"desktop":{"background-color":"var(--ast-global-color-4)","background-image":"","background-repeat":"repeat","background-position":"center center","background-size":"auto","background-attachment":"scroll","background-type":"","background-media":"","overlay-type":"","overlay-color":"","overlay-opacity":"","overlay-gradient":""},"tablet":{"background-color":"","background-image":"","background-repeat":"repeat","background-position":"center center","background-size":"auto","background-attachment":"scroll","background-type":"","background-media":"","overlay-type":"","overlay-color":"","overlay-opacity":"","overlay-gradient":""},"mobile":{"background-color":"","background-image":"","background-repeat":"repeat","background-position":"center center","background-size":"auto","background-attachment":"scroll","background-type":"","background-media":"","overlay-type":"","overlay-color":"","overlay-opacity":"","overlay-gradient":""}},"ast-content-background-meta":{"desktop":{"background-color":"var(--ast-global-color-5)","background-image":"","background-repeat":"repeat","background-position":"center center","background-size":"auto","background-attachment":"scroll","background-type":"","background-media":"","overlay-type":"","overlay-color":"","overlay-opacity":"","overlay-gradient":""},"tablet":{"background-color":"var(--ast-global-color-5)","background-image":"","background-repeat":"repeat","background-position":"center center","background-size":"auto","background-attachment":"scroll","background-type":"","background-media":"","overlay-type":"","overlay-color":"","overlay-opacity":"","overlay-gradient":""},"mobile":{"background-color":"var(--ast-global-color-5)","background-image":"","background-repeat":"repeat","background-position":"center center","background-size":"auto","background-attachment":"scroll","background-type":"","background-media":"","overlay-type":"","overlay-color":"","overlay-opacity":"","overlay-gradient":""}},"footnotes":""},"class_list":["post-698","page","type-page","status-publish","hentry"],"_links":{"self":[{"href":"https:\/\/nutrapp.com.co\/index.php\/wp-json\/wp\/v2\/pages\/698","targetHints":{"allow":["GET"]}}],"collection":[{"href":"https:\/\/nutrapp.com.co\/index.php\/wp-json\/wp\/v2\/pages"}],"about":[{"href":"https:\/\/nutrapp.com.co\/index.php\/wp-json\/wp\/v2\/types\/page"}],"author":[{"embeddable":true,"href":"https:\/\/nutrapp.com.co\/index.php\/wp-json\/wp\/v2\/users\/1"}],"replies":[{"embeddable":true,"href":"https:\/\/nutrapp.com.co\/index.php\/wp-json\/wp\/v2\/comments?post=698"}],"version-history":[{"count":19,"href":"https:\/\/nutrapp.com.co\/index.php\/wp-json\/wp\/v2\/pages\/698\/revisions"}],"predecessor-version":[{"id":920,"href":"https:\/\/nutrapp.com.co\/index.php\/wp-json\/wp\/v2\/pages\/698\/revisions\/920"}],"wp:attachment":[{"href":"https:\/\/nutrapp.com.co\/index.php\/wp-json\/wp\/v2\/media?parent=698"}],"curies":[{"name":"wp","href":"https:\/\/api.w.org\/{rel}","templated":true}]}}